{"id":14072,"date":"2026-03-26T06:37:36","date_gmt":"2026-03-26T06:37:36","guid":{"rendered":"https:\/\/merchandiseboy.shop\/?post_type=product&#038;p=14072"},"modified":"2026-03-26T06:47:01","modified_gmt":"2026-03-26T06:47:01","slug":"more-zerup-getrankesirup-ohne-zucker-kalorien","status":"publish","type":"product","link":"https:\/\/merchandiseboy.shop\/de\/produkt\/more-zerup-getrankesirup-ohne-zucker-kalorien\/","title":{"rendered":"Mehr Zerup - Getr\u00e4nkesirup ohne Zucker &amp; Kalorien"},"content":{"rendered":"<div data-elementor-type=\"product-post\" data-elementor-id=\"14072\" class=\"elementor elementor-14072\" data-elementor-post-type=\"product\">\n\t\t\t\t<div class=\"elementor-element elementor-element-3fca4456 e-flex e-con-boxed e-con e-parent\" data-id=\"3fca4456\" data-element_type=\"container\" data-settings=\"{&quot;ekit_has_onepagescroll_dot&quot;:&quot;yes&quot;}\">\n\t\t\t\t\t<div class=\"e-con-inner\">\n\t\t<div class=\"elementor-element elementor-element-efb8573 e-grid e-con-full e-con e-child\" data-id=\"efb8573\" data-element_type=\"container\" data-settings=\"{&quot;ekit_has_onepagescroll_dot&quot;:&quot;yes&quot;}\">\n\t\t\t\t<div class=\"elementor-element elementor-element-6949e7b0 elementor-widget elementor-widget-video\" data-id=\"6949e7b0\" data-element_type=\"widget\" data-settings=\"{&quot;video_type&quot;:&quot;hosted&quot;,&quot;controls&quot;:&quot;yes&quot;,&quot;ekit_we_effect_on&quot;:&quot;none&quot;}\" data-widget_type=\"video.default\">\n\t\t\t\t<div class=\"elementor-widget-container\">\n\t\t\t\t\t\t\t<div class=\"e-hosted-video elementor-wrapper elementor-open-inline\">\n\t\t\t\t\t<video class=\"elementor-video\" src=\"https:\/\/merchandiseboy.shop\/wp-content\/uploads\/2026\/03\/video_2026-03-26_09-30-09.mp4\" controls=\"\" preload=\"metadata\" controlslist=\"nodownload\"><\/video>\n\t\t\t\t<\/div>\n\t\t\t\t\t\t<\/div>\n\t\t\t\t<\/div>\n\t\t\t\t<div class=\"elementor-element elementor-element-31cf5ef elementor-widget elementor-widget-text-editor\" data-id=\"31cf5ef\" data-element_type=\"widget\" data-settings=\"{&quot;ekit_we_effect_on&quot;:&quot;none&quot;}\" data-widget_type=\"text-editor.default\">\n\t\t\t\t<div class=\"elementor-widget-container\">\n\t\t\t\t\t\t\t\t\t<div class=\"elementor-widget-container\">\n    # Artikelangaben\n\n    <div class=\"product-table\">\n        <div class=\"product-row\">\n            <div class=\"product-label\"><strong>Koffeingehalt - Beschreibung<\/strong><\/div>\n            <div class=\"product-value\"><strong>Koffeinfrei<\/strong><\/div>\n        <\/div>\n        <div class=\"product-row\">\n            <div class=\"product-label\"><strong>Form des Artikels<\/strong><\/div>\n            <div class=\"product-value\"><strong>Fl\u00fcssig<\/strong><\/div>\n        <\/div>\n        <div class=\"product-row\">\n            <div class=\"product-label\"><strong>Beh\u00e4ltertyp<\/strong><\/div>\n            <div class=\"product-value\"><strong>Flasche<\/strong><\/div>\n        <\/div>\n        <div class=\"product-row\">\n            <div class=\"product-label\"><strong>Informationen zu Allergenen<\/strong><\/div>\n            <div class=\"product-value\"><strong>Enth\u00e4lt: Laktosefrei<\/strong><\/div>\n        <\/div>\n        <div class=\"product-row\">\n            <div class=\"product-label\"><strong>Lagerf\u00e4higkeit des Produkts<\/strong><\/div>\n            <div class=\"product-value\"><strong>730 Tage<\/strong><\/div>\n        <\/div>\n    <\/div>\n\n    <style>\n    .product-table {\n      width: 100%;\n      border-top: 1px solid #000;\n      font-family: Arial, sans-serif;\n    }\n\n    .product-row {\n      display: flex;\n      border-bottom: 1px solid #000;\n      padding: 12px 0;\n    }\n\n    .product-label {\n      flex: 1;\n      font-weight: bold;\n      min-width: 200px;\n      padding-right: 20px;\n    }\n\n    .product-value {\n      flex: 1;\n      min-width: 200px;\n    }\n    <\/style>\n<\/div>\t\t\t\t\t\t\t\t<\/div>\n\t\t\t\t<\/div>\n\t\t\t\t<\/div>\n\t\t\t\t\t<\/div>\n\t\t\t\t<\/div>\n\t\t<div class=\"elementor-element elementor-element-296920b5 e-flex e-con-boxed e-con e-parent\" data-id=\"296920b5\" data-element_type=\"container\" data-settings=\"{&quot;ekit_has_onepagescroll_dot&quot;:&quot;yes&quot;}\">\n\t\t\t\t\t<div class=\"e-con-inner\">\n\t\t\t\t<div class=\"elementor-element elementor-element-539cd295 elementor-widget elementor-widget-heading\" data-id=\"539cd295\" data-element_type=\"widget\" data-settings=\"{&quot;ekit_we_effect_on&quot;:&quot;none&quot;}\" data-widget_type=\"heading.default\">\n\t\t\t\t<div class=\"elementor-widget-container\">\n\t\t\t\t\t<h2 class=\"elementor-heading-title elementor-size-default\">\nWichtige Informationen<\/h2>\t\t\t\t<\/div>\n\t\t\t\t<\/div>\n\t\t\t\t<div class=\"elementor-element elementor-element-72a49eb5 elementor-widget elementor-widget-text-editor\" data-id=\"72a49eb5\" data-element_type=\"widget\" data-settings=\"{&quot;ekit_we_effect_on&quot;:&quot;none&quot;}\" data-widget_type=\"text-editor.default\">\n\t\t\t\t<div class=\"elementor-widget-container\">\n\t\t\t\t\t\t\t\t\t<h4>Warnhinweise<\/h4>\t\t\t\t\t\t\t\t<\/div>\n\t\t\t\t<\/div>\n\t\t\t\t<div class=\"elementor-element elementor-element-1016c4ec elementor-widget elementor-widget-text-editor\" data-id=\"1016c4ec\" data-element_type=\"widget\" data-settings=\"{&quot;ekit_we_effect_on&quot;:&quot;none&quot;}\" data-widget_type=\"text-editor.default\">\n\t\t\t\t<div class=\"elementor-widget-container\">\n\t\t\t\t\t\t\t\t\t<p>Trocken, vor Licht und W\u00e4rme gesch\u00fctzt lagern. Nach dem \u00d6ffnen k\u00fchl aufbewahren und z\u00fcgig aufbrauchen.<\/p>\t\t\t\t\t\t\t\t<\/div>\n\t\t\t\t<\/div>\n\t\t\t\t<div class=\"elementor-element elementor-element-3ff9dbfc elementor-widget elementor-widget-text-editor\" data-id=\"3ff9dbfc\" data-element_type=\"widget\" data-settings=\"{&quot;ekit_we_effect_on&quot;:&quot;none&quot;}\" data-widget_type=\"text-editor.default\">\n\t\t\t\t<div class=\"elementor-widget-container\">\n\t\t\t\t\t\t\t\t\t<h4>Bestandteile<\/h4>\t\t\t\t\t\t\t\t<\/div>\n\t\t\t\t<\/div>\n\t\t\t\t<div class=\"elementor-element elementor-element-4e5d5817 elementor-widget elementor-widget-text-editor\" data-id=\"4e5d5817\" data-element_type=\"widget\" data-settings=\"{&quot;ekit_we_effect_on&quot;:&quot;none&quot;}\" data-widget_type=\"text-editor.default\">\n\t\t\t\t<div class=\"elementor-widget-container\">\n\t\t\t\t\t\t\t\t\t<p>Glycerin, Wasser, S\u00e4uerungsmittel (Citronens\u00e4ure), Orangensaftkonzentrat (6 %), Aroma, f\u00e4rbendes Lebensmittel (Kurkumakonzentrat), S\u00e4ureregulator (Natriumgluconat), S\u00fc\u00dfungsmittel (Acesulfam K, Sucralose), Stabilisator (Gummi arabicum, Clycerinsester aus Wurzelharz), Salz, Konservierungsstoff (Kaliumsorbat).<\/p>\t\t\t\t\t\t\t\t<\/div>\n\t\t\t\t<\/div>\n\t\t\t\t<div class=\"elementor-element elementor-element-2c30acf4 elementor-widget elementor-widget-text-editor\" data-id=\"2c30acf4\" data-element_type=\"widget\" data-settings=\"{&quot;ekit_we_effect_on&quot;:&quot;none&quot;}\" data-widget_type=\"text-editor.default\">\n\t\t\t\t<div class=\"elementor-widget-container\">\n\t\t\t\t\t\t\t\t\t<h4>Gebrauchsanweisung<\/h4>\t\t\t\t\t\t\t\t<\/div>\n\t\t\t\t<\/div>\n\t\t\t\t<div class=\"elementor-element elementor-element-3ffc1120 elementor-widget elementor-widget-text-editor\" data-id=\"3ffc1120\" data-element_type=\"widget\" data-settings=\"{&quot;ekit_we_effect_on&quot;:&quot;none&quot;}\" data-widget_type=\"text-editor.default\">\n\t\t\t\t<div class=\"elementor-widget-container\">\n\t\t\t\t\t\t\t\t\t<div id=\"importantInformation_feature_div\" class=\"celwidget\" data-feature-name=\"importantInformation\" data-csa-c-type=\"widget\" data-csa-c-content-id=\"importantInformation\" data-csa-c-slot-id=\"importantInformation_feature_div\" data-csa-c-asin=\"\" data-csa-c-is-in-initial-active-row=\"false\" data-csa-c-id=\"rz5vqz-3lbdns-b6cgbn-gs6mu5\" data-cel-widget=\"importantInformation_feature_div\"><div id=\"important-information\" class=\"a-section a-spacing-extra-large bucket\"><div class=\"a-section content\"><p>1 Teil Sirup + 124 Teile Wasser im Glas oder in der Flasche mischen. Z.B. 2 ml Sirup mit 248 ml Wasser. Ein Sirup ergibt 8 bis 12 Liter Fertiggetr\u00e4nk. Je nachdem wie intensiv du dein Getr\u00e4nk magst, kannst du die Sirup-Menge entsprechend anpassen<\/p><\/div><\/div><\/div>\t\t\t\t\t\t\t\t<\/div>\n\t\t\t\t<\/div>\n\t\t\t\t\t<\/div>\n\t\t\t\t<\/div>\n\t\t<div class=\"elementor-element elementor-element-644502aa e-flex e-con-boxed e-con e-parent\" data-id=\"644502aa\" data-element_type=\"container\" data-settings=\"{&quot;ekit_has_onepagescroll_dot&quot;:&quot;yes&quot;}\">\n\t\t\t\t\t<div class=\"e-con-inner\">\n\t\t\t\t<div class=\"elementor-element elementor-element-52522166 elementor-widget elementor-widget-image\" data-id=\"52522166\" data-element_type=\"widget\" data-settings=\"{&quot;ekit_we_effect_on&quot;:&quot;none&quot;}\" data-widget_type=\"image.default\">\n\t\t\t\t<div class=\"elementor-widget-container\">\n\t\t\t\t\t\t\t\t\t\t\t\t\t\t\t<img loading=\"lazy\" decoding=\"async\" width=\"1464\" height=\"600\" src=\"https:\/\/merchandiseboy.shop\/wp-content\/uploads\/2026\/03\/4f1664bb-1ef3-4176-ad3c-f2e2c4dc4e7a.__CR001464600_PT0_SX1464_V1___-1.jpg\" class=\"attachment-full size-full wp-image-14090 wvs-archive-product-image\" alt=\"\" srcset=\"https:\/\/merchandiseboy.shop\/wp-content\/uploads\/2026\/03\/4f1664bb-1ef3-4176-ad3c-f2e2c4dc4e7a.__CR001464600_PT0_SX1464_V1___-1.jpg 1464w, https:\/\/merchandiseboy.shop\/wp-content\/uploads\/2026\/03\/4f1664bb-1ef3-4176-ad3c-f2e2c4dc4e7a.__CR001464600_PT0_SX1464_V1___-1-300x123.jpg 300w, https:\/\/merchandiseboy.shop\/wp-content\/uploads\/2026\/03\/4f1664bb-1ef3-4176-ad3c-f2e2c4dc4e7a.__CR001464600_PT0_SX1464_V1___-1-1024x420.jpg 1024w, https:\/\/merchandiseboy.shop\/wp-content\/uploads\/2026\/03\/4f1664bb-1ef3-4176-ad3c-f2e2c4dc4e7a.__CR001464600_PT0_SX1464_V1___-1-768x315.jpg 768w, https:\/\/merchandiseboy.shop\/wp-content\/uploads\/2026\/03\/4f1664bb-1ef3-4176-ad3c-f2e2c4dc4e7a.__CR001464600_PT0_SX1464_V1___-1-18x7.jpg 18w, https:\/\/merchandiseboy.shop\/wp-content\/uploads\/2026\/03\/4f1664bb-1ef3-4176-ad3c-f2e2c4dc4e7a.__CR001464600_PT0_SX1464_V1___-1-600x246.jpg 600w, https:\/\/merchandiseboy.shop\/wp-content\/uploads\/2026\/03\/4f1664bb-1ef3-4176-ad3c-f2e2c4dc4e7a.__CR001464600_PT0_SX1464_V1___-1-1x1.jpg 1w, https:\/\/merchandiseboy.shop\/wp-content\/uploads\/2026\/03\/4f1664bb-1ef3-4176-ad3c-f2e2c4dc4e7a.__CR001464600_PT0_SX1464_V1___-1-10x4.jpg 10w\" sizes=\"auto, (max-width: 1464px) 100vw, 1464px\" \/>\t\t\t\t\t\t\t\t\t\t\t\t\t\t\t<\/div>\n\t\t\t\t<\/div>\n\t\t\t\t<div class=\"elementor-element elementor-element-3ef2811b elementor-widget elementor-widget-image\" data-id=\"3ef2811b\" data-element_type=\"widget\" data-settings=\"{&quot;ekit_we_effect_on&quot;:&quot;none&quot;}\" data-widget_type=\"image.default\">\n\t\t\t\t<div class=\"elementor-widget-container\">\n\t\t\t\t\t\t\t\t\t\t\t\t\t\t\t<img loading=\"lazy\" decoding=\"async\" width=\"1464\" height=\"625\" src=\"https:\/\/merchandiseboy.shop\/wp-content\/uploads\/2026\/03\/4-16.jpg\" class=\"attachment-full size-full wp-image-14091 wvs-archive-product-image\" alt=\"\" srcset=\"https:\/\/merchandiseboy.shop\/wp-content\/uploads\/2026\/03\/4-16.jpg 1464w, https:\/\/merchandiseboy.shop\/wp-content\/uploads\/2026\/03\/4-16-300x128.jpg 300w, https:\/\/merchandiseboy.shop\/wp-content\/uploads\/2026\/03\/4-16-1024x437.jpg 1024w, https:\/\/merchandiseboy.shop\/wp-content\/uploads\/2026\/03\/4-16-768x328.jpg 768w, https:\/\/merchandiseboy.shop\/wp-content\/uploads\/2026\/03\/4-16-18x8.jpg 18w, https:\/\/merchandiseboy.shop\/wp-content\/uploads\/2026\/03\/4-16-600x256.jpg 600w, https:\/\/merchandiseboy.shop\/wp-content\/uploads\/2026\/03\/4-16-1x1.jpg 1w, https:\/\/merchandiseboy.shop\/wp-content\/uploads\/2026\/03\/4-16-10x4.jpg 10w\" sizes=\"auto, (max-width: 1464px) 100vw, 1464px\" \/>\t\t\t\t\t\t\t\t\t\t\t\t\t\t\t<\/div>\n\t\t\t\t<\/div>\n\t\t\t\t\t<\/div>\n\t\t\t\t<\/div>\n\t\t<div class=\"elementor-element elementor-element-375860e e-flex e-con-boxed e-con e-parent\" data-id=\"375860e\" data-element_type=\"container\" data-settings=\"{&quot;ekit_has_onepagescroll_dot&quot;:&quot;yes&quot;}\">\n\t\t\t\t\t<div class=\"e-con-inner\">\n\t\t<div class=\"elementor-element elementor-element-60db2192 e-grid e-con-full e-con e-child\" data-id=\"60db2192\" data-element_type=\"container\" data-settings=\"{&quot;ekit_has_onepagescroll_dot&quot;:&quot;yes&quot;}\">\n\t\t\t\t<div class=\"elementor-element elementor-element-4c0f717d elementor-position-top elementor-widget elementor-widget-image-box\" data-id=\"4c0f717d\" data-element_type=\"widget\" data-settings=\"{&quot;ekit_we_effect_on&quot;:&quot;none&quot;}\" data-widget_type=\"image-box.default\">\n\t\t\t\t<div class=\"elementor-widget-container\">\n\t\t\t\t\t<div class=\"elementor-image-box-wrapper\"><figure class=\"elementor-image-box-img\"><img loading=\"lazy\" decoding=\"async\" width=\"1500\" height=\"1500\" src=\"https:\/\/merchandiseboy.shop\/wp-content\/uploads\/2026\/03\/81pVx9lFWCL._AC_SL1500_.jpg\" class=\"attachment-full size-full wp-image-14092 wvs-archive-product-image\" alt=\"\" srcset=\"https:\/\/merchandiseboy.shop\/wp-content\/uploads\/2026\/03\/81pVx9lFWCL._AC_SL1500_.jpg 1500w, https:\/\/merchandiseboy.shop\/wp-content\/uploads\/2026\/03\/81pVx9lFWCL._AC_SL1500_-300x300.jpg 300w, https:\/\/merchandiseboy.shop\/wp-content\/uploads\/2026\/03\/81pVx9lFWCL._AC_SL1500_-1024x1024.jpg 1024w, https:\/\/merchandiseboy.shop\/wp-content\/uploads\/2026\/03\/81pVx9lFWCL._AC_SL1500_-150x150.jpg 150w, https:\/\/merchandiseboy.shop\/wp-content\/uploads\/2026\/03\/81pVx9lFWCL._AC_SL1500_-768x768.jpg 768w, https:\/\/merchandiseboy.shop\/wp-content\/uploads\/2026\/03\/81pVx9lFWCL._AC_SL1500_-12x12.jpg 12w, https:\/\/merchandiseboy.shop\/wp-content\/uploads\/2026\/03\/81pVx9lFWCL._AC_SL1500_-600x600.jpg 600w, https:\/\/merchandiseboy.shop\/wp-content\/uploads\/2026\/03\/81pVx9lFWCL._AC_SL1500_-100x100.jpg 100w, https:\/\/merchandiseboy.shop\/wp-content\/uploads\/2026\/03\/81pVx9lFWCL._AC_SL1500_-50x50.jpg 50w, https:\/\/merchandiseboy.shop\/wp-content\/uploads\/2026\/03\/81pVx9lFWCL._AC_SL1500_-1x1.jpg 1w, https:\/\/merchandiseboy.shop\/wp-content\/uploads\/2026\/03\/81pVx9lFWCL._AC_SL1500_-10x10.jpg 10w\" sizes=\"auto, (max-width: 1500px) 100vw, 1500px\" \/><\/figure><div class=\"elementor-image-box-content\"><h3 class=\"elementor-image-box-title\">Grenzenlose Vielfalt, null Reue<\/h3><p class=\"elementor-image-box-description\">Mit Zerup holst du dir die Freiheit zur\u00fcck, deine Getr\u00e4nke genau so zu s\u00fc\u00dfen, wie du es liebst - ohne dabei auf deine Linie achten zu m\u00fcssen. Ohne Zucker, ohne Kalorien, aber mit vollem, unverf\u00e4lschtem Geschmack. Ob f\u00fcr den perfekten Eiskaffee, einen fruchtigen Cocktail oder deinen t\u00e4glichen Tee - Zerup macht jede Kreation zu einem sorgenfreien Genuss.<\/p><\/div><\/div>\t\t\t\t<\/div>\n\t\t\t\t<\/div>\n\t\t\t\t<div class=\"elementor-element elementor-element-6325cac6 elementor-position-top elementor-widget elementor-widget-image-box\" data-id=\"6325cac6\" data-element_type=\"widget\" data-settings=\"{&quot;ekit_we_effect_on&quot;:&quot;none&quot;}\" data-widget_type=\"image-box.default\">\n\t\t\t\t<div class=\"elementor-widget-container\">\n\t\t\t\t\t<div class=\"elementor-image-box-wrapper\"><figure class=\"elementor-image-box-img\"><img loading=\"lazy\" decoding=\"async\" width=\"1500\" height=\"1500\" src=\"https:\/\/merchandiseboy.shop\/wp-content\/uploads\/2026\/03\/61SlA6aKQlL._AC_SL1500_.jpg\" class=\"attachment-full size-full wp-image-14093 wvs-archive-product-image\" alt=\"\" srcset=\"https:\/\/merchandiseboy.shop\/wp-content\/uploads\/2026\/03\/61SlA6aKQlL._AC_SL1500_.jpg 1500w, https:\/\/merchandiseboy.shop\/wp-content\/uploads\/2026\/03\/61SlA6aKQlL._AC_SL1500_-300x300.jpg 300w, https:\/\/merchandiseboy.shop\/wp-content\/uploads\/2026\/03\/61SlA6aKQlL._AC_SL1500_-1024x1024.jpg 1024w, https:\/\/merchandiseboy.shop\/wp-content\/uploads\/2026\/03\/61SlA6aKQlL._AC_SL1500_-150x150.jpg 150w, https:\/\/merchandiseboy.shop\/wp-content\/uploads\/2026\/03\/61SlA6aKQlL._AC_SL1500_-768x768.jpg 768w, https:\/\/merchandiseboy.shop\/wp-content\/uploads\/2026\/03\/61SlA6aKQlL._AC_SL1500_-12x12.jpg 12w, https:\/\/merchandiseboy.shop\/wp-content\/uploads\/2026\/03\/61SlA6aKQlL._AC_SL1500_-600x600.jpg 600w, https:\/\/merchandiseboy.shop\/wp-content\/uploads\/2026\/03\/61SlA6aKQlL._AC_SL1500_-100x100.jpg 100w, https:\/\/merchandiseboy.shop\/wp-content\/uploads\/2026\/03\/61SlA6aKQlL._AC_SL1500_-50x50.jpg 50w, https:\/\/merchandiseboy.shop\/wp-content\/uploads\/2026\/03\/61SlA6aKQlL._AC_SL1500_-1x1.jpg 1w, https:\/\/merchandiseboy.shop\/wp-content\/uploads\/2026\/03\/61SlA6aKQlL._AC_SL1500_-10x10.jpg 10w\" sizes=\"auto, (max-width: 1500px) 100vw, 1500px\" \/><\/figure><div class=\"elementor-image-box-content\"><h3 class=\"elementor-image-box-title\">Intensives Aroma, einfache Handhabung<\/h3><p class=\"elementor-image-box-description\">Unser Sirup \u00fcberzeugt durch eine hohe Aromakonzentration. Schon eine kleine Menge gen\u00fcgt, um deinen Getr\u00e4nken eine intensiv s\u00fc\u00dfe Note zu verleihen. Er l\u00e4sst sich m\u00fchelos in kalten wie hei\u00dfen Getr\u00e4nken l\u00f6sen und ist dank der praktischen Flasche einfach zu dosieren. So kreierst du im Handumdrehen dein pers\u00f6nliches Wunschgetr\u00e4nk.<\/p><\/div><\/div>\t\t\t\t<\/div>\n\t\t\t\t<\/div>\n\t\t\t\t<div class=\"elementor-element elementor-element-365a8348 elementor-position-top elementor-widget elementor-widget-image-box\" data-id=\"365a8348\" data-element_type=\"widget\" data-settings=\"{&quot;ekit_we_effect_on&quot;:&quot;none&quot;}\" data-widget_type=\"image-box.default\">\n\t\t\t\t<div class=\"elementor-widget-container\">\n\t\t\t\t\t<div class=\"elementor-image-box-wrapper\"><figure class=\"elementor-image-box-img\"><img loading=\"lazy\" decoding=\"async\" width=\"1500\" height=\"1500\" src=\"https:\/\/merchandiseboy.shop\/wp-content\/uploads\/2026\/03\/71lmNBH_K9L._AC_SL1500_.jpg\" class=\"attachment-full size-full wp-image-14094 wvs-archive-product-image\" alt=\"\" srcset=\"https:\/\/merchandiseboy.shop\/wp-content\/uploads\/2026\/03\/71lmNBH_K9L._AC_SL1500_.jpg 1500w, https:\/\/merchandiseboy.shop\/wp-content\/uploads\/2026\/03\/71lmNBH_K9L._AC_SL1500_-300x300.jpg 300w, https:\/\/merchandiseboy.shop\/wp-content\/uploads\/2026\/03\/71lmNBH_K9L._AC_SL1500_-1024x1024.jpg 1024w, https:\/\/merchandiseboy.shop\/wp-content\/uploads\/2026\/03\/71lmNBH_K9L._AC_SL1500_-150x150.jpg 150w, https:\/\/merchandiseboy.shop\/wp-content\/uploads\/2026\/03\/71lmNBH_K9L._AC_SL1500_-768x768.jpg 768w, https:\/\/merchandiseboy.shop\/wp-content\/uploads\/2026\/03\/71lmNBH_K9L._AC_SL1500_-12x12.jpg 12w, https:\/\/merchandiseboy.shop\/wp-content\/uploads\/2026\/03\/71lmNBH_K9L._AC_SL1500_-600x600.jpg 600w, https:\/\/merchandiseboy.shop\/wp-content\/uploads\/2026\/03\/71lmNBH_K9L._AC_SL1500_-100x100.jpg 100w, https:\/\/merchandiseboy.shop\/wp-content\/uploads\/2026\/03\/71lmNBH_K9L._AC_SL1500_-50x50.jpg 50w, https:\/\/merchandiseboy.shop\/wp-content\/uploads\/2026\/03\/71lmNBH_K9L._AC_SL1500_-1x1.jpg 1w, https:\/\/merchandiseboy.shop\/wp-content\/uploads\/2026\/03\/71lmNBH_K9L._AC_SL1500_-10x10.jpg 10w\" sizes=\"auto, (max-width: 1500px) 100vw, 1500px\" \/><\/figure><div class=\"elementor-image-box-content\"><h3 class=\"elementor-image-box-title\">Perfekt f\u00fcr deinen Lifestyle<\/h3><p class=\"elementor-image-box-description\">Du achtest auf eine zuckerreduzierte Ern\u00e4hrung, m\u00f6chtest aber nicht auf s\u00fc\u00dfe Momente verzichten? Zerup ist dein idealer Begleiter. Ob im Sportler-Alltag, bei Low-Carb- oder Keto-Di\u00e4ten - die zuckerfreie und kalorienfreie Formel passt sich deinem Lebensstil an, ohne dass du Kompromisse beim Geschmack eingehen musst.o.<\/p><\/div><\/div>\t\t\t\t<\/div>\n\t\t\t\t<\/div>\n\t\t\t\t<\/div>\n\t\t\t\t\t<\/div>\n\t\t\t\t<\/div>\n\t\t<div class=\"elementor-element elementor-element-7bb8d101 e-flex e-con-boxed e-con e-parent\" data-id=\"7bb8d101\" data-element_type=\"container\" data-settings=\"{&quot;ekit_has_onepagescroll_dot&quot;:&quot;yes&quot;}\">\n\t\t\t\t\t<div class=\"e-con-inner\">\n\t\t\t\t<div class=\"elementor-element elementor-element-57f2f7d8 elementor-widget elementor-widget-image\" data-id=\"57f2f7d8\" data-element_type=\"widget\" data-settings=\"{&quot;ekit_we_effect_on&quot;:&quot;none&quot;}\" data-widget_type=\"image.default\">\n\t\t\t\t<div class=\"elementor-widget-container\">\n\t\t\t\t\t\t\t\t\t\t\t\t\t\t\t<img loading=\"lazy\" decoding=\"async\" width=\"1464\" height=\"600\" src=\"https:\/\/merchandiseboy.shop\/wp-content\/uploads\/2026\/03\/1-3.png\" class=\"attachment-full size-full wp-image-14095 wvs-archive-product-image\" alt=\"\" srcset=\"https:\/\/merchandiseboy.shop\/wp-content\/uploads\/2026\/03\/1-3.png 1464w, https:\/\/merchandiseboy.shop\/wp-content\/uploads\/2026\/03\/1-3-300x123.png 300w, https:\/\/merchandiseboy.shop\/wp-content\/uploads\/2026\/03\/1-3-1024x420.png 1024w, https:\/\/merchandiseboy.shop\/wp-content\/uploads\/2026\/03\/1-3-768x315.png 768w, https:\/\/merchandiseboy.shop\/wp-content\/uploads\/2026\/03\/1-3-18x7.png 18w, https:\/\/merchandiseboy.shop\/wp-content\/uploads\/2026\/03\/1-3-600x246.png 600w, https:\/\/merchandiseboy.shop\/wp-content\/uploads\/2026\/03\/1-3-1x1.png 1w, https:\/\/merchandiseboy.shop\/wp-content\/uploads\/2026\/03\/1-3-10x4.png 10w\" sizes=\"auto, (max-width: 1464px) 100vw, 1464px\" \/>\t\t\t\t\t\t\t\t\t\t\t\t\t\t\t<\/div>\n\t\t\t\t<\/div>\n\t\t\t\t<div class=\"elementor-element elementor-element-7686ce88 elementor-widget elementor-widget-image\" data-id=\"7686ce88\" data-element_type=\"widget\" data-settings=\"{&quot;ekit_we_effect_on&quot;:&quot;none&quot;}\" data-widget_type=\"image.default\">\n\t\t\t\t<div class=\"elementor-widget-container\">\n\t\t\t\t\t\t\t\t\t\t\t\t\t\t\t<img loading=\"lazy\" decoding=\"async\" width=\"1464\" height=\"600\" src=\"https:\/\/merchandiseboy.shop\/wp-content\/uploads\/2026\/03\/2-20.jpg\" class=\"attachment-full size-full wp-image-14096 wvs-archive-product-image\" alt=\"\" srcset=\"https:\/\/merchandiseboy.shop\/wp-content\/uploads\/2026\/03\/2-20.jpg 1464w, https:\/\/merchandiseboy.shop\/wp-content\/uploads\/2026\/03\/2-20-300x123.jpg 300w, https:\/\/merchandiseboy.shop\/wp-content\/uploads\/2026\/03\/2-20-1024x420.jpg 1024w, https:\/\/merchandiseboy.shop\/wp-content\/uploads\/2026\/03\/2-20-768x315.jpg 768w, https:\/\/merchandiseboy.shop\/wp-content\/uploads\/2026\/03\/2-20-18x7.jpg 18w, https:\/\/merchandiseboy.shop\/wp-content\/uploads\/2026\/03\/2-20-600x246.jpg 600w, https:\/\/merchandiseboy.shop\/wp-content\/uploads\/2026\/03\/2-20-1x1.jpg 1w, https:\/\/merchandiseboy.shop\/wp-content\/uploads\/2026\/03\/2-20-10x4.jpg 10w\" sizes=\"auto, (max-width: 1464px) 100vw, 1464px\" \/>\t\t\t\t\t\t\t\t\t\t\t\t\t\t\t<\/div>\n\t\t\t\t<\/div>\n\t\t\t\t<div class=\"elementor-element elementor-element-9df8082 elementor-widget elementor-widget-image\" data-id=\"9df8082\" data-element_type=\"widget\" data-settings=\"{&quot;ekit_we_effect_on&quot;:&quot;none&quot;}\" data-widget_type=\"image.default\">\n\t\t\t\t<div class=\"elementor-widget-container\">\n\t\t\t\t\t\t\t\t\t\t\t\t\t\t\t<img loading=\"lazy\" decoding=\"async\" width=\"1464\" height=\"600\" src=\"https:\/\/merchandiseboy.shop\/wp-content\/uploads\/2026\/03\/3-1.png\" class=\"attachment-full size-full wp-image-14097 wvs-archive-product-image\" alt=\"\" srcset=\"https:\/\/merchandiseboy.shop\/wp-content\/uploads\/2026\/03\/3-1.png 1464w, https:\/\/merchandiseboy.shop\/wp-content\/uploads\/2026\/03\/3-1-300x123.png 300w, https:\/\/merchandiseboy.shop\/wp-content\/uploads\/2026\/03\/3-1-1024x420.png 1024w, https:\/\/merchandiseboy.shop\/wp-content\/uploads\/2026\/03\/3-1-768x315.png 768w, https:\/\/merchandiseboy.shop\/wp-content\/uploads\/2026\/03\/3-1-18x7.png 18w, https:\/\/merchandiseboy.shop\/wp-content\/uploads\/2026\/03\/3-1-600x246.png 600w, https:\/\/merchandiseboy.shop\/wp-content\/uploads\/2026\/03\/3-1-1x1.png 1w, https:\/\/merchandiseboy.shop\/wp-content\/uploads\/2026\/03\/3-1-10x4.png 10w\" sizes=\"auto, (max-width: 1464px) 100vw, 1464px\" \/>\t\t\t\t\t\t\t\t\t\t\t\t\t\t\t<\/div>\n\t\t\t\t<\/div>\n\t\t\t\t\t<\/div>\n\t\t\t\t<\/div>\n\t\t\t\t<\/div>","protected":false},"excerpt":{"rendered":"<h1 class=\"a-size-base-plus a-text-bold\">Informationen zu diesem Artikel<\/h1>\n<ul class=\"a-unordered-list a-vertical a-spacing-mini\">\n<li class=\"a-spacing-mini\"><span class=\"a-list-item\">OHNE ZUCKER: Unser Zerup ist mit S\u00fc\u00dfungsmitteln ges\u00fc\u00dft, dadurch ist er zuckerfrei und enth\u00e4lt so gut wie keine Kalorien<\/span><\/li>\n<li class=\"a-spacing-mini\"><span class=\"a-list-item\">HOCHKONZENTRIERT: Dank der hochkonzentrierten Formel ergibt ein Squeezie etwa 8 Liter Fertiggetr\u00e4nk - super ergiebig<\/span><\/li>\n<li class=\"a-spacing-mini\"><span class=\"a-list-item\">LECKER &amp; FRUCHTIG: Pink Grapefruit, Apfel Cranberry, Pfirsich - ganz egal in welcher Sorte, unser Zerup \u00fcberzeugt mit fruchtig frischem Geschmack<\/span><\/li>\n<\/ul>","protected":false},"featured_media":14077,"comment_status":"open","ping_status":"closed","template":"","meta":{"_acf_changed":false},"etheme_brands":[],"product_brand":[],"product_cat":[118],"product_tag":[],"class_list":{"0":"post-14072","1":"product","2":"type-product","3":"status-publish","4":"has-post-thumbnail","6":"product_cat-sale-shop","8":"first","9":"instock","10":"sale","11":"shipping-taxable","12":"purchasable","13":"product-type-variable","14":"has-default-attributes","15":"wvs-archive-product-wrapper"},"acf":[],"_links":{"self":[{"href":"https:\/\/merchandiseboy.shop\/de\/wp-json\/wp\/v2\/product\/14072","targetHints":{"allow":["GET"]}}],"collection":[{"href":"https:\/\/merchandiseboy.shop\/de\/wp-json\/wp\/v2\/product"}],"about":[{"href":"https:\/\/merchandiseboy.shop\/de\/wp-json\/wp\/v2\/types\/product"}],"replies":[{"embeddable":true,"href":"https:\/\/merchandiseboy.shop\/de\/wp-json\/wp\/v2\/comments?post=14072"}],"version-history":[{"count":4,"href":"https:\/\/merchandiseboy.shop\/de\/wp-json\/wp\/v2\/product\/14072\/revisions"}],"predecessor-version":[{"id":14105,"href":"https:\/\/merchandiseboy.shop\/de\/wp-json\/wp\/v2\/product\/14072\/revisions\/14105"}],"wp:featuredmedia":[{"embeddable":true,"href":"https:\/\/merchandiseboy.shop\/de\/wp-json\/wp\/v2\/media\/14077"}],"wp:attachment":[{"href":"https:\/\/merchandiseboy.shop\/de\/wp-json\/wp\/v2\/media?parent=14072"}],"wp:term":[{"taxonomy":"brand","embeddable":true,"href":"https:\/\/merchandiseboy.shop\/de\/wp-json\/wp\/v2\/etheme_brands?post=14072"},{"taxonomy":"product_brand","embeddable":true,"href":"https:\/\/merchandiseboy.shop\/de\/wp-json\/wp\/v2\/product_brand?post=14072"},{"taxonomy":"product_cat","embeddable":true,"href":"https:\/\/merchandiseboy.shop\/de\/wp-json\/wp\/v2\/product_cat?post=14072"},{"taxonomy":"product_tag","embeddable":true,"href":"https:\/\/merchandiseboy.shop\/de\/wp-json\/wp\/v2\/product_tag?post=14072"}],"curies":[{"name":"wp","href":"https:\/\/api.w.org\/{rel}","templated":true}]}}